{"id":102,"date":"2015-07-14T16:12:07","date_gmt":"2015-07-14T16:12:07","guid":{"rendered":"http:\/\/test.kriesi.at\/minimal-portfolio\/?page_id=102"},"modified":"2026-01-21T15:26:49","modified_gmt":"2026-01-21T15:26:49","slug":"home","status":"publish","type":"page","link":"https:\/\/toptanikazyelegi.com\/","title":{"rendered":"Toptan ikaz yele\u011fi"},"content":{"rendered":"<div id='av_section_1'  class='avia-section av-145nae-e484183ac2512e581c4d3ad1f4531c95 main_color avia-section-huge avia-no-shadow  avia-builder-el-0  el_before_av_hr  avia-builder-el-first  avia-bg-style-scroll container_wrap fullsize'  ><div class='container av-section-cont-open' ><main  role=\"main\" itemprop=\"mainContentOfPage\"  class='template-page content  av-content-full alpha units'><div class='post-entry post-entry-type-page post-entry-102'><div class='entry-content-wrapper clearfix'>\n\n<style type=\"text\/css\" data-created_by=\"avia_inline_auto\" id=\"style-css-av-jfg5nepn-bd97e5ba368539c77ab80242598ca79d\">\n#top .flex_column.av-jfg5nepn-bd97e5ba368539c77ab80242598ca79d{\nmargin-top:0px;\nmargin-bottom:0px;\n}\n.flex_column.av-jfg5nepn-bd97e5ba368539c77ab80242598ca79d{\nborder-radius:0px 0px 0px 0px;\n-webkit-border-radius:0px 0px 0px 0px;\n-moz-border-radius:0px 0px 0px 0px;\n}\n.responsive #top #wrap_all .flex_column.av-jfg5nepn-bd97e5ba368539c77ab80242598ca79d{\nmargin-top:0px;\nmargin-bottom:0px;\n}\n<\/style>\n<div class='flex_column av-jfg5nepn-bd97e5ba368539c77ab80242598ca79d av_one_full  avia-builder-el-1  avia-builder-el-no-sibling  first flex_column_div  av-animated-generic fade-in av-zero-column-padding '   ><p>\n<style type=\"text\/css\" data-created_by=\"avia_inline_auto\" id=\"style-css-av-jffs3b9z-ed9c9f54f8dd8e34f182e27c3bf9a2c9\">\n#top .av-rotator-container.av-jffs3b9z-ed9c9f54f8dd8e34f182e27c3bf9a2c9{\ntext-align:left;\nfont-size:5vw;\ncolor:#0a0a0a;\nmargin:40px 0 170px 0;\n}\n#top .av-rotator-container.av-jffs3b9z-ed9c9f54f8dd8e34f182e27c3bf9a2c9 .av-rotator-container-inner{\nfont-size:5vw;\n}\n<\/style>\n<div  class='av-rotator-container av-rotation-container-left av-jffs3b9z-ed9c9f54f8dd8e34f182e27c3bf9a2c9  avia-builder-el-2  el_before_av_masonry_entries  avia-builder-el-no-sibling  av-typewriter av-after-rotation-text-active' data-interval='3' data-animation='typewriter'><h3 class='av-rotator-container-inner'>Toptan<span class='av-rotator-text av-rotator-multiline-off'>\n<span class='av-rotator-text-single av-9kdge-2edf53fcd9cdb8c4e4062428c7073e84 av-rotator-text-single-1'>\u0130kaz Yele\u011fi<\/span>\n<span class='av-rotator-text-single av-dzkxq-bdfca216aa969c015b0a2af35a89c080 av-rotator-text-single-2'>Y\u00f6netici Yele\u011fi<\/span>\n<span class='av-rotator-text-single av-a9cdi-88a7877cb0578573a00f7b6a788c509f av-rotator-text-single-3'>\u0130\u015f Yele\u011fi<\/span>\n<span class='av-rotator-text-single av-kt1lw0mj-e808259f9222dde74fa55dacca63c87b av-rotator-text-single-4'>M\u00fchendis Yele\u011fi<\/span>\n<span class='av-rotator-text-single av-kt1lwdab-79fe8b790090012495c35b983d0271f1 av-rotator-text-single-5'>\u00c7ok Cepli Yelek<\/span>\n<span class='av-rotator-text-single av-kt1lwiwi-f6f77bd56c63ce925ed5362485dd863b av-rotator-text-single-6'>Anorak Yelek<\/span>\n<\/span> Sat\u0131\u015f\u0131<\/h3><\/div><br \/>\n<div id='av-masonry-1' class='av-masonry av-jg4ftwcr-94bbe2e39b8045ba89a918e142ab6529 noHover av-fixed-size av-large-gap av-hover-overlay- av-masonry-animation-active av-masonry-col-3 av-caption-always av-caption-style- av-masonry-entries av-medium-columns-overwrite av-medium-columns-3 av-orientation-square '><div class=\"av-masonry-container isotope av-js-disabled\"><div class='av-masonry-entry isotope-item av-masonry-item-no-image '><\/div><a href=\"https:\/\/toptanikazyelegi.com\/?portfolio=toptan-ikaz-yelegi\"  id='av-masonry-1-item-605' data-av-masonry-item='605' class='av-masonry-entry isotope-item post-605 portfolio type-portfolio status-publish has-post-thumbnail hentry portfolio_entries-urunler  av-masonry-item-with-image' title=\"Toptan reflektorlu-ikaz-yelegi\"  itemscope=\"itemscope\" itemtype=\"https:\/\/schema.org\/CreativeWork\" ><div class='av-inner-masonry-sizer'><\/div><figure class='av-inner-masonry main_color'><div class=\"av-masonry-outerimage-container\"><div class='av-masonry-image-container' style=\"background-image: url(https:\/\/toptanikazyelegi.com\/wp-content\/uploads\/2018\/04\/Toptan-reflektorlu-ikaz-yelegi-705x705.jpg);\"  title=\"Toptan reflektorlu-ikaz-yelegi\"   alt=\"Toptan \u0130kaz Yele\u011fi\" ><\/div><\/div><\/figure><\/a><!--end av-masonry entry--><a href=\"https:\/\/toptanikazyelegi.com\/?portfolio=muhendis-yelegi-yonetici-ikaz-yelegi\"  id='av-masonry-1-item-604' data-av-masonry-item='604' class='av-masonry-entry isotope-item post-604 portfolio type-portfolio status-publish has-post-thumbnail hentry portfolio_entries-urunler  av-masonry-item-with-image' title=\"y\u00f6netici yele\u011fi\"  itemscope=\"itemscope\" itemtype=\"https:\/\/schema.org\/CreativeWork\" ><div class='av-inner-masonry-sizer'><\/div><figure class='av-inner-masonry main_color'><div class=\"av-masonry-outerimage-container\"><div class='av-masonry-image-container' style=\"background-image: url(https:\/\/toptanikazyelegi.com\/wp-content\/uploads\/2018\/04\/yonetici-yelegi.jpg);\"  title=\"y\u00f6netici yele\u011fi\"  ><\/div><\/div><\/figure><\/a><!--end av-masonry entry--><a href=\"https:\/\/toptanikazyelegi.com\/?portfolio=is-yelegi\"  id='av-masonry-1-item-603' data-av-masonry-item='603' class='av-masonry-entry isotope-item post-603 portfolio type-portfolio status-publish has-post-thumbnail hentry portfolio_entries-urunler  av-masonry-item-with-image' title=\"gabardin-yelek-yazl\u0131k\"  itemscope=\"itemscope\" itemtype=\"https:\/\/schema.org\/CreativeWork\" ><div class='av-inner-masonry-sizer'><\/div><figure class='av-inner-masonry main_color'><div class=\"av-masonry-outerimage-container\"><div class='av-masonry-image-container' style=\"background-image: url(https:\/\/toptanikazyelegi.com\/wp-content\/uploads\/2018\/04\/gabardin-yelek-yazlik-535x705.jpg);\"  title=\"gabardin-yelek-yazl\u0131k\"  ><\/div><\/div><\/figure><\/a><!--end av-masonry entry--><a href=\"https:\/\/toptanikazyelegi.com\/?portfolio=baskili-ikaz-yelegi\"  id='av-masonry-1-item-600' data-av-masonry-item='600' class='av-masonry-entry isotope-item post-600 portfolio type-portfolio status-publish has-post-thumbnail hentry portfolio_entries-urunler  av-masonry-item-with-image' title=\"ikaz yele\u011fi k\u0131rm\u0131z\u0131\"  itemscope=\"itemscope\" itemtype=\"https:\/\/schema.org\/CreativeWork\" ><div class='av-inner-masonry-sizer'><\/div><figure class='av-inner-masonry main_color'><div class=\"av-masonry-outerimage-container\"><div class='av-masonry-image-container' style=\"background-image: url(https:\/\/toptanikazyelegi.com\/wp-content\/uploads\/2018\/04\/ikaz-yelegi-kirmizi-705x705.jpg);\"  title=\"ikaz yele\u011fi k\u0131rm\u0131z\u0131\"   alt=\"\u0130kaz yele\u011fi\" ><\/div><\/div><\/figure><\/a><!--end av-masonry entry--><a href=\"https:\/\/toptanikazyelegi.com\/?portfolio=a-dummy-portfolio-entry-9\"  id='av-masonry-1-item-597' data-av-masonry-item='597' class='av-masonry-entry isotope-item post-597 portfolio type-portfolio status-publish has-post-thumbnail hentry portfolio_entries-logo-design portfolio_entries-urunler  av-masonry-item-with-image' title=\"logo-6\"  itemscope=\"itemscope\" itemtype=\"https:\/\/schema.org\/CreativeWork\" ><div class='av-inner-masonry-sizer'><\/div><figure class='av-inner-masonry main_color'><div class=\"av-masonry-outerimage-container\"><div class='av-masonry-image-container' style=\"background-image: url(https:\/\/toptanikazyelegi.com\/wp-content\/uploads\/2018\/04\/logo-6-705x666.jpg);\"  title=\"logo-6\"  ><\/div><\/div><\/figure><\/a><!--end av-masonry entry--><a href=\"https:\/\/toptanikazyelegi.com\/?portfolio=a-dummy-portfolio-entry-10\"  id='av-masonry-1-item-596' data-av-masonry-item='596' class='av-masonry-entry isotope-item post-596 portfolio type-portfolio status-publish has-post-thumbnail hentry portfolio_entries-illustration portfolio_entries-urunler  av-masonry-item-with-image' title=\"mockup-3\"  itemscope=\"itemscope\" itemtype=\"https:\/\/schema.org\/CreativeWork\" ><div class='av-inner-masonry-sizer'><\/div><figure class='av-inner-masonry main_color'><div class=\"av-masonry-outerimage-container\"><div class='av-masonry-image-container' style=\"background-image: url(https:\/\/toptanikazyelegi.com\/wp-content\/uploads\/2018\/04\/mockup-3-705x666.jpg);\"  title=\"mockup-3\"  ><\/div><\/div><\/figure><\/a><!--end av-masonry entry--><a href=\"https:\/\/toptanikazyelegi.com\/?portfolio=a-dummy-portfolio-entry-14\"  id='av-masonry-1-item-592' data-av-masonry-item='592' class='av-masonry-entry isotope-item post-592 portfolio type-portfolio status-publish has-post-thumbnail hentry portfolio_entries-logo-design portfolio_entries-urunler  av-masonry-item-with-image' title=\"mockup-6\"  itemscope=\"itemscope\" itemtype=\"https:\/\/schema.org\/CreativeWork\" ><div class='av-inner-masonry-sizer'><\/div><figure class='av-inner-masonry main_color'><div class=\"av-masonry-outerimage-container\"><div class='av-masonry-image-container' style=\"background-image: url(https:\/\/toptanikazyelegi.com\/wp-content\/uploads\/2018\/04\/mockup-6-705x666.jpg);\"  title=\"mockup-6\"  ><\/div><\/div><\/figure><\/a><!--end av-masonry entry--><\/div><\/div><\/p><\/div><\/div><\/div><\/main><!-- close content main element --><\/div><\/div><div id='after_section_1'  class='main_color av_default_container_wrap container_wrap fullsize'  ><div class='container av-section-cont-open' ><div class='template-page content  av-content-full alpha units'><div class='post-entry post-entry-type-page post-entry-102'><div class='entry-content-wrapper clearfix'><div  class='hr av-1pmqb2-c6b08844671a3d8af2ce8a5b2fc00841 hr-default  avia-builder-el-4  el_after_av_section  el_before_av_blog  avia-builder-el-first '><span class='hr-inner '><span class=\"hr-inner-style\"><\/span><\/span><\/div><\/p>\n<div  class='av-alb-blogposts template-blog  av-blog-meta-html-info-disabled '  itemscope=\"itemscope\" itemtype=\"https:\/\/schema.org\/Blog\" ><article class=\"post-entry post-entry-type-standard post-entry-8469 post-loop-1 post-parity-odd post-entry-last single-small with-slider post-8469 post type-post status-publish format-standard has-post-thumbnail hentry category-ikaz-yelegi category-is-yelegi tag-is-yelegi\"  itemscope=\"itemscope\" itemtype=\"https:\/\/schema.org\/BlogPosting\" ><div class=\"blog-meta\"><a href='https:\/\/toptanikazyelegi.com\/?p=8469' class='small-preview'  title=\"turkuaz ikaz yele\u011fi\"   itemprop=\"image\" itemscope=\"itemscope\" itemtype=\"https:\/\/schema.org\/ImageObject\" ><img loading=\"lazy\" decoding=\"async\" width=\"180\" height=\"180\" src=\"https:\/\/toptanikazyelegi.com\/wp-content\/uploads\/2022\/11\/turkuaz-ikaz-yelegi-180x180.jpg\" class=\"wp-image-8470 avia-img-lazy-loading-8470 attachment-square size-square wp-post-image\" alt=\"\" srcset=\"https:\/\/toptanikazyelegi.com\/wp-content\/uploads\/2022\/11\/turkuaz-ikaz-yelegi-180x180.jpg 180w, https:\/\/toptanikazyelegi.com\/wp-content\/uploads\/2022\/11\/turkuaz-ikaz-yelegi-80x80.jpg 80w, https:\/\/toptanikazyelegi.com\/wp-content\/uploads\/2022\/11\/turkuaz-ikaz-yelegi-36x36.jpg 36w\" sizes=\"auto, (max-width: 180px) 100vw, 180px\" \/><span class=\"iconfont\" aria-hidden='true' data-av_icon='\ue836' data-av_iconfont='entypo-fontello'><\/span><\/a><\/div><div class='entry-content-wrapper clearfix standard-content'><header class=\"entry-content-header\"><div class=\"av-heading-wrapper\"><span class=\"blog-categories minor-meta\"><a href=\"https:\/\/toptanikazyelegi.com\/?cat=42\" rel=\"tag\">ikaz yele\u011fi<\/a>, <a href=\"https:\/\/toptanikazyelegi.com\/?cat=41\" rel=\"tag\">\u0130\u015f yele\u011fi<\/a><\/span><h2 class='post-title entry-title '  itemprop=\"headline\" ><a href=\"https:\/\/toptanikazyelegi.com\/?p=8469\" rel=\"bookmark\" title=\"Kal\u0131c\u0131 Link: ikaz Yele\u011fi Turkuaz Mavi\">ikaz Yele\u011fi Turkuaz Mavi<span class=\"post-format-icon minor-meta\"><\/span><\/a><\/h2><\/div><\/header><span class=\"av-vertical-delimiter\"><\/span><div class=\"entry-content\"  itemprop=\"text\" ><div class=\"read-more-link\"><a href=\"https:\/\/toptanikazyelegi.com\/?p=8469\" class=\"more-link\">Devam\u0131n\u0131 Oku<span class=\"more-link-arrow\"><\/span><\/a><\/div>\n<\/div><span class=\"post-meta-infos\"><time class=\"date-container minor-meta updated\"  itemprop=\"datePublished\" datetime=\"2022-11-17T15:13:48+00:00\" >Kas\u0131m 17, 2022<\/time><span class=\"text-sep\">\/<\/span><span class=\"comment-container minor-meta\"><a href=\"https:\/\/toptanikazyelegi.com\/?p=8469#respond\" class=\"comments-link\" >0 Yorumlar<\/a><\/span><span class=\"text-sep\">\/<\/span><span class=\"blog-author minor-meta\">taraf\u0131ndan <span class=\"entry-author-link\"  itemprop=\"author\" ><span class=\"author\"><span class=\"fn\"><a href=\"https:\/\/toptanikazyelegi.com\/?author=1\" title=\"metindonmez taraf\u0131ndan yaz\u0131lan yaz\u0131lar\" rel=\"author\">metindonmez<\/a><\/span><\/span><\/span><\/span><\/span><footer class=\"entry-footer\"><\/footer><div class='post_delimiter'><\/div><\/div><div class=\"post_author_timeline\"><\/div><span class='hidden'>\n\t\t\t\t<span class='av-structured-data'  itemprop=\"image\" itemscope=\"itemscope\" itemtype=\"https:\/\/schema.org\/ImageObject\" >\n\t\t\t\t\t\t<span itemprop='url'>https:\/\/toptanikazyelegi.com\/wp-content\/uploads\/2022\/11\/turkuaz-ikaz-yelegi.jpg<\/span>\n\t\t\t\t\t\t<span itemprop='height'>500<\/span>\n\t\t\t\t\t\t<span itemprop='width'>700<\/span>\n\t\t\t\t<\/span>\n\t\t\t\t<span class='av-structured-data'  itemprop=\"publisher\" itemtype=\"https:\/\/schema.org\/Organization\" itemscope=\"itemscope\" >\n\t\t\t\t\t\t<span itemprop='name'>metindonmez<\/span>\n\t\t\t\t\t\t<span itemprop='logo' itemscope itemtype='https:\/\/schema.org\/ImageObject'>\n\t\t\t\t\t\t\t<span itemprop='url'>https:\/\/toptanikazyelegi.com\/wp-content\/uploads\/2021\/09\/toptam-ikaz-yelegi-300x99.png<\/span>\n\t\t\t\t\t\t <\/span>\n\t\t\t\t<\/span><span class='av-structured-data'  itemprop=\"author\" itemscope=\"itemscope\" itemtype=\"https:\/\/schema.org\/Person\" ><span itemprop='name'>metindonmez<\/span><\/span><span class='av-structured-data'  itemprop=\"datePublished\" datetime=\"2022-11-17T15:13:48+00:00\" >2022-11-17 15:13:48<\/span><span class='av-structured-data'  itemprop=\"dateModified\" itemtype=\"https:\/\/schema.org\/dateModified\" >2022-11-17 15:14:36<\/span><span class='av-structured-data'  itemprop=\"mainEntityOfPage\" itemtype=\"https:\/\/schema.org\/mainEntityOfPage\" ><span itemprop='name'>ikaz Yele\u011fi Turkuaz Mavi<\/span><\/span><\/span><\/article><div class='single-small'><\/div><\/div>\n<div class='flex_column av-1jzdbi-c8a2aec1707115634d29fd74596d09b9 av_one_half  avia-builder-el-0  el_before_av_one_half  avia-builder-el-first  first flex_column_div '   ><section  class='av_textblock_section av-kt5keqd0-f368548693f25ef916386b7bcd9d32ee'  itemscope=\"itemscope\" itemtype=\"https:\/\/schema.org\/BlogPosting\" itemprop=\"blogPost\" ><div class='avia_textblock'  itemprop=\"text\" ><h3>Toptan \u0130kaz Yele\u011fi<\/h3>\n<ul>\n<li>2 \u015eerit Reflekt\u00f6rl\u00fc<\/li>\n<li>70 Gram<\/li>\n<\/ul>\n<p><strong>Renkler<\/strong>; Sar\u0131, Turuncu, K\u0131rm\u0131z\u0131, Mavi, Turkuaz, Bordo Renkleri Mevcuttur.<\/p>\n<\/div><\/section><\/div>\n<div class='flex_column av-1gie3a-a9095f48b73ffdef23dfba18fe0c3b83 av_one_half flex_column_div '   ><style type=\"text\/css\" data-created_by=\"avia_inline_auto\" id=\"style-css-av-kt5kfb5x-433913c89e6506ce33d655978cca94b8\">\n.avia-image-container.av-kt5kfb5x-433913c89e6506ce33d655978cca94b8 .av-image-caption-overlay-center{\ncolor:#ffffff;\n}\n<\/style>\n<div  class='avia-image-container av-kt5kfb5x-433913c89e6506ce33d655978cca94b8 av-styling- avia-align-center  avia-builder-el-1  avia-builder-el-no-sibling '  itemprop=\"image\" itemscope=\"itemscope\" itemtype=\"https:\/\/schema.org\/ImageObject\" ><div class=\"avia-image-container-inner\"><div class=\"avia-image-overlay-wrap\"><img decoding=\"async\" class='wp-image-694 avia-img-lazy-loading-not-694 avia_image' src=\"https:\/\/toptanikazyelegi.com\/wp-content\/uploads\/2018\/04\/Toptan-reflektorlu-ikaz-yelegi-300x300.jpg\" alt='Toptan \u0130kaz Yele\u011fi' title='Toptan reflektorlu-ikaz-yelegi'  height=\"300\" width=\"300\"  itemprop=\"thumbnailUrl\" srcset=\"https:\/\/toptanikazyelegi.com\/wp-content\/uploads\/2018\/04\/Toptan-reflektorlu-ikaz-yelegi-300x300.jpg 300w, https:\/\/toptanikazyelegi.com\/wp-content\/uploads\/2018\/04\/Toptan-reflektorlu-ikaz-yelegi-1030x1030.jpg 1030w, https:\/\/toptanikazyelegi.com\/wp-content\/uploads\/2018\/04\/Toptan-reflektorlu-ikaz-yelegi-80x80.jpg 80w, https:\/\/toptanikazyelegi.com\/wp-content\/uploads\/2018\/04\/Toptan-reflektorlu-ikaz-yelegi-768x768.jpg 768w, https:\/\/toptanikazyelegi.com\/wp-content\/uploads\/2018\/04\/Toptan-reflektorlu-ikaz-yelegi-36x36.jpg 36w, https:\/\/toptanikazyelegi.com\/wp-content\/uploads\/2018\/04\/Toptan-reflektorlu-ikaz-yelegi-180x180.jpg 180w, https:\/\/toptanikazyelegi.com\/wp-content\/uploads\/2018\/04\/Toptan-reflektorlu-ikaz-yelegi-705x705.jpg 705w, https:\/\/toptanikazyelegi.com\/wp-content\/uploads\/2018\/04\/Toptan-reflektorlu-ikaz-yelegi.jpg 1280w\" sizes=\"(max-width: 300px) 100vw, 300px\" \/><\/div><\/div><\/div><\/div>\n<div  class='hr av-17d5gu-4b4745937e8b86f2e0a91eec3a5b3082 hr-default'><span class='hr-inner '><span class=\"hr-inner-style\"><\/span><\/span><\/div>\n<div class='flex_column av-11d9v2-6a69a7dba927e0afc4ae6b1999cd0365 av_one_half  avia-builder-el-2  el_after_av_one_half  avia-builder-el-last  first flex_column_div column-top-margin'   ><section  class='av_textblock_section av-kt5kieqi-9ac8247bab9ef5a104b526618dcd1422'  itemscope=\"itemscope\" itemtype=\"https:\/\/schema.org\/BlogPosting\" itemprop=\"blogPost\" ><div class='avia_textblock'  itemprop=\"text\" ><h3>Y\u00f6netici M\u00fchendis Yele\u011fi<\/h3>\n<ul>\n<li>\u00c7ok Cepli<\/li>\n<li>Fermuarl\u0131<\/li>\n<li>2 \u015eerit Reflekt\u00f6rl\u00fc<\/li>\n<li>90 Gram<\/li>\n<\/ul>\n<p><strong>Renkler<\/strong>; Sar\u0131, Turuncu, K\u0131rm\u0131z\u0131, Mavi, Turkuaz, Bordo Renkleri Mevcuttur.<\/p>\n<\/div><\/section><\/div>\n<div class='flex_column av-yc2ja-28092925229e0dc19b07ab4fce8cbcd8 av_one_half flex_column_div column-top-margin'   ><style type=\"text\/css\" data-created_by=\"avia_inline_auto\" id=\"style-css-av-kt5kh6to-0d1ee515edaf9fc457762c504538ec1f\">\n.avia-image-container.av-kt5kh6to-0d1ee515edaf9fc457762c504538ec1f .av-image-caption-overlay-center{\ncolor:#ffffff;\n}\n<\/style>\n<div  class='avia-image-container av-kt5kh6to-0d1ee515edaf9fc457762c504538ec1f av-styling- avia-align-center'  itemprop=\"image\" itemscope=\"itemscope\" itemtype=\"https:\/\/schema.org\/ImageObject\" ><div class=\"avia-image-container-inner\"><div class=\"avia-image-overlay-wrap\"><img decoding=\"async\" class='wp-image-703 avia-img-lazy-loading-not-703 avia_image' src=\"https:\/\/toptanikazyelegi.com\/wp-content\/uploads\/2018\/04\/yonetici-yelegi-300x300.jpg\" alt='' title='y\u00f6netici yele\u011fi'  height=\"300\" width=\"300\"  itemprop=\"thumbnailUrl\" srcset=\"https:\/\/toptanikazyelegi.com\/wp-content\/uploads\/2018\/04\/yonetici-yelegi-300x300.jpg 300w, https:\/\/toptanikazyelegi.com\/wp-content\/uploads\/2018\/04\/yonetici-yelegi-80x80.jpg 80w, https:\/\/toptanikazyelegi.com\/wp-content\/uploads\/2018\/04\/yonetici-yelegi-36x36.jpg 36w, https:\/\/toptanikazyelegi.com\/wp-content\/uploads\/2018\/04\/yonetici-yelegi-180x180.jpg 180w, https:\/\/toptanikazyelegi.com\/wp-content\/uploads\/2018\/04\/yonetici-yelegi.jpg 512w\" sizes=\"(max-width: 300px) 100vw, 300px\" \/><\/div><\/div><\/div><\/div>\n<div  class='hr av-p323y-0d8c92ce53da2a0de3053d7ad9ffcf35 hr-default'><span class='hr-inner '><span class=\"hr-inner-style\"><\/span><\/span><\/div>\n<div class='flex_column av-kenly-624c13c266bad124e5b8cb86d8116a32 av_one_half first flex_column_div '   ><section  class='av_textblock_section av-kt5lviwa-01b777abb7692c792bfa77bba91d71a7'  itemscope=\"itemscope\" itemtype=\"https:\/\/schema.org\/BlogPosting\" itemprop=\"blogPost\" ><div class='avia_textblock'  itemprop=\"text\" ><h3>Bask\u0131l\u0131 \u0130kaz Yele\u011fi<\/h3>\n<ul>\n<li>Kendi b\u00fcnyemizde bulunan bask\u0131 makineleri ile, Firma Logo Bask\u0131lar\u0131n\u0131z Profesyonel Kadromuz taraf\u0131ndan son sistem bask\u0131 tekni\u011fi ile yap\u0131lmaktad\u0131r.<\/li>\n<li>Bask\u0131 Flex Bask\u0131, Dijital bask\u0131,<\/li>\n<li>Kalite ve uygun fiyat garantisi. H\u0131zl\u0131 Teslimat.<\/li>\n<\/ul>\n<p><strong>Renkler<\/strong>; Sar\u0131, Turuncu, K\u0131rm\u0131z\u0131, Mavi, Turkuaz, Bordo Renkleri Mevcuttur.<\/p>\n<\/div><\/section><\/div>\n<div class='flex_column av-gxct2-0ead0cb261cd1244de2ca8d3f04a1f89 av_one_half flex_column_div '   ><style type=\"text\/css\" data-created_by=\"avia_inline_auto\" id=\"style-css-av-avody-f95aa0a4a73d3ec76ba26ca83d8df46b\">\n.avia-image-container.av-avody-f95aa0a4a73d3ec76ba26ca83d8df46b .av-image-caption-overlay-center{\ncolor:#ffffff;\n}\n<\/style>\n<div  class='avia-image-container av-avody-f95aa0a4a73d3ec76ba26ca83d8df46b av-styling- avia-align-center'  itemprop=\"image\" itemscope=\"itemscope\" itemtype=\"https:\/\/schema.org\/ImageObject\" ><div class=\"avia-image-container-inner\"><div class=\"avia-image-overlay-wrap\"><img decoding=\"async\" class='wp-image-703 avia-img-lazy-loading-not-703 avia_image' src=\"https:\/\/toptanikazyelegi.com\/wp-content\/uploads\/2018\/04\/yonetici-yelegi-300x300.jpg\" alt='' title='y\u00f6netici yele\u011fi'  height=\"300\" width=\"300\"  itemprop=\"thumbnailUrl\" srcset=\"https:\/\/toptanikazyelegi.com\/wp-content\/uploads\/2018\/04\/yonetici-yelegi-300x300.jpg 300w, https:\/\/toptanikazyelegi.com\/wp-content\/uploads\/2018\/04\/yonetici-yelegi-80x80.jpg 80w, https:\/\/toptanikazyelegi.com\/wp-content\/uploads\/2018\/04\/yonetici-yelegi-36x36.jpg 36w, https:\/\/toptanikazyelegi.com\/wp-content\/uploads\/2018\/04\/yonetici-yelegi-180x180.jpg 180w, https:\/\/toptanikazyelegi.com\/wp-content\/uploads\/2018\/04\/yonetici-yelegi.jpg 512w\" sizes=\"(max-width: 300px) 100vw, 300px\" \/><\/div><\/div><\/div><\/div>\n","protected":false},"excerpt":{"rendered":"","protected":false},"author":1,"featured_media":0,"parent":0,"menu_order":0,"comment_status":"open","ping_status":"closed","template":"","meta":{"footnotes":""},"class_list":["post-102","page","type-page","status-publish","hentry"],"_links":{"self":[{"href":"https:\/\/toptanikazyelegi.com\/index.php?rest_route=\/wp\/v2\/pages\/102","targetHints":{"allow":["GET"]}}],"collection":[{"href":"https:\/\/toptanikazyelegi.com\/index.php?rest_route=\/wp\/v2\/pages"}],"about":[{"href":"https:\/\/toptanikazyelegi.com\/index.php?rest_route=\/wp\/v2\/types\/page"}],"author":[{"embeddable":true,"href":"https:\/\/toptanikazyelegi.com\/index.php?rest_route=\/wp\/v2\/users\/1"}],"replies":[{"embeddable":true,"href":"https:\/\/toptanikazyelegi.com\/index.php?rest_route=%2Fwp%2Fv2%2Fcomments&post=102"}],"version-history":[{"count":5,"href":"https:\/\/toptanikazyelegi.com\/index.php?rest_route=\/wp\/v2\/pages\/102\/revisions"}],"predecessor-version":[{"id":8477,"href":"https:\/\/toptanikazyelegi.com\/index.php?rest_route=\/wp\/v2\/pages\/102\/revisions\/8477"}],"wp:attachment":[{"href":"https:\/\/toptanikazyelegi.com\/index.php?rest_route=%2Fwp%2Fv2%2Fmedia&parent=102"}],"curies":[{"name":"wp","href":"https:\/\/api.w.org\/{rel}","templated":true}]}}